{"id":3,"date":"2023-05-21T21:43:00","date_gmt":"2023-05-21T19:43:00","guid":{"rendered":"http:\/\/mountfire.sk\/WP\/?page_id=3"},"modified":"2025-01-21T16:07:57","modified_gmt":"2025-01-21T15:07:57","slug":"gdpr","status":"publish","type":"page","link":"https:\/\/mountfire.sk\/index.php\/gdpr\/","title":{"rendered":"Z\u00e1sady ochrany osobn\u00fdch \u00fadajov"},"content":{"rendered":"<p><strong>OCHRANA OSOBN\u00ddCH \u00daDAJOV<\/strong><\/p><p><strong>1. IDENTIFIKA\u010cN\u00c9 \u00daDAJE<\/strong><\/p><p>Spr\u00e1vcom osobn\u00fdch \u00fadajov je spolo\u010dnos\u0165<\/p><p><strong>Mountfire s.r.o., s\u00eddlom V\u00fdpalisko 15, 940 01 Nov\u00e9 Z\u00e1mky<\/strong><\/p><p>I\u010cO: 35973480, DI\u010c:2022115799, I\u010c DPH:SK2022115799&nbsp; Zap\u00edsan\u00e1 v Obchodnom registri Okresn\u00e9ho s\u00fadu Nitra, Vlo\u017eka \u010d\u00edslo 17551\/N<\/p><p>Kontaktn\u00e9 \u00fadaje pred\u00e1vaj\u00faceho:<\/p><p>email: <a href=\"mailto:mountfire@mountfire.sk\">mountfire@mountfire.sk<\/a><\/p><p>telef\u00f3nne \u010d\u00edslo: +421905274686.<\/p><p><strong>2. \u00da\u010cEL SPRACOVANIA OSOBN\u00ddCH \u00daDAJOV<\/strong><\/p><p>Sprac\u00favanie va\u0161ich osobn\u00fdch \u00fadajov vykon\u00e1vame v\u00a0pr\u00edpade pou\u017eitia kontaktn\u00e9ho formul\u00e1ra a \u00a0za \u00fa\u010delom realiz\u00e1cie va\u0161ich objedn\u00e1vok produktov , tovarov alebo slu\u017eieb v pr\u00edpade n\u00e1kupu prostredn\u00edctvom internetov\u00e9ho obchodu.<\/p><p>Je nevyhnutn\u00e9 na \u00fa\u010dely plnenia z\u00e1konnej povinnosti spolo\u010dnosti Mountfire s.r.o.<\/p><p><strong>3. ROZSAH SPRACOVANIA OSOBN\u00ddCH \u00daDAJOV<\/strong><\/p><p>Osobn\u00e9 \u00fadaje s\u00fa spracovan\u00e9 na \u00fa\u010dely registr\u00e1cie, n\u00e1kupu prostredn\u00edctvom internetov\u00e9ho obchodu a k v\u00fdkonu pr\u00e1v a povinnost\u00ed vypl\u00fdvaj\u00facich medzi Vami a spolo\u010dnos\u0165ou Mountfire s.r.o. Ide o nasledovn\u00e9 osobn\u00e9 \u00fadaje z\u00e1kazn\u00edka: meno, priezvisko, adresa z\u00e1kazn\u00edka, dodacia adresa, telef\u00f3nne \u010d\u00edslo, e-mailov\u00e1 adresa, n\u00e1zov spolo\u010dnosti, I\u010cO, DI\u010c, I\u010c DPH, IP adresa z\u00e1kazn\u00edka.<\/p><p>Pokia\u013e si u n\u00e1s objedn\u00e1te tovar alebo slu\u017ebu, potrebujeme od v\u00e1s \u00fadaje, ktor\u00e9 s\u00fa v&nbsp;objedn\u00e1vkovom procese ozna\u010den\u00e9 ako povinn\u00e9. Pokia\u013e by sme tieto \u00fadaje nemali, nemohli by sme V\u00e1m tovar&nbsp; doru\u010di\u0165. \u010ealej pre \u00fa\u010dely predaja tovaru \u010di slu\u017eieb potrebujeme va\u0161u e-mailov\u00fa adresu, na ktor\u00fa v\u00e1m za\u0161leme potvrdenie objedn\u00e1vky, ktor\u00e9 z\u00e1rove\u0148 sl\u00fa\u017ei ako potvrdenie uzavretej k\u00fapnej zmluvy. Pri vyplnen\u00ed V\u00e1\u0161ho telef\u00f3nneho \u010d\u00edsla V\u00e1m m\u00f4\u017eeme zasla\u0165 aktu\u00e1lnu inform\u00e1ciu a&nbsp;podrobnosti o &nbsp;doru\u010den\u00ed tovaru a pod. Nepovinn\u00e9 \u00fadaje n\u00e1m poskytujete dobrovo\u013ene.<\/p><p>Z\u00e1konn\u00fdm d\u00f4vodom pre spracovanie osobn\u00fdch \u00fadajov je s\u00fahlas t\u00fdmto dan\u00fd spr\u00e1vcovi v zmysle:<\/p><p>&#8211; plnenie zmluvy \u010dl\u00e1nku 6 odst. 1 p\u00edsm. b) GDPR a plnenie pr\u00e1v a povinnost\u00ed spr\u00e1vcu pod\u013ea \u010dl\u00e1nku 6 odst. 1 p\u00edsm. c) GDPR,<\/p><p>&#8211; \u010dl\u00e1nku 6 ods.1p\u00edsm. a) Nariadenia Eur\u00f3pskeho parlamentu a Rady (EU) 2016\/679 o ochrane fyzick\u00fdch os\u00f4b v s\u00favislosti so spracov\u00e1van\u00edm osobn\u00fdch \u00fadajov a vo\u013enom pohybe t\u00fdchto \u00fadajov (\u010falej &#8222;GDPR&#8220;) pre \u00fa\u010dely priameho marketingu, pokia\u013e nedo\u0161lo k objedn\u00e1vke tovaru,<\/p><p>&#8211; opr\u00e1vnen\u00fd z\u00e1ujem spr\u00e1vcu na vykonanie priameho marketingu pod\u013ea \u010dl. 6 odst. 1 p\u00edsm. f) GDPR<\/p><p>Zo strany spr\u00e1vcu nedoch\u00e1dza k automatick\u00e9mu individu\u00e1lnemu rozhodovaniu v zmysle \u010dl. 22 GDPR.<\/p><p><strong>4. DOBA ULO\u017dENIA OSOBN\u00ddCH \u00daDAJOV<\/strong><\/p><p>Osobn\u00e9 \u00fadaje s\u00fa sprac\u00favan\u00e9 na dobu nevyhnutn\u00fa k v\u00fdkonu pr\u00e1v a povinnost\u00ed vypl\u00fdvaj\u00facich zo zmluvn\u00e9ho vz\u0165ahu, alebo do doby odvolania s\u00fahlasu so spracovan\u00edm osobn\u00fdch \u00fadajov v p\u00edsomnej forme adresovanej pred\u00e1vaj\u00facemu, a to po\u0161tou, telefonicky alebo elektronicky na e-mail <a href=\"mailto:mountfire@mountfire.sk\">mountfire@mountfire.sk<\/a><\/p><p>Bez oh\u013eadu na v\u00e1\u0161 s\u00fahlas bud\u00fa osobn\u00e9 \u00fadaje bezpe\u010dne ulo\u017een\u00e9, zhroma\u017e\u010fovan\u00e9, spracov\u00e1van\u00e9 a archivovan\u00e9 z d\u00f4vodu vedenia \u00fa\u010dtovn\u00fdch z\u00e1znamov a dokladov po dobu 10 rokov (na z\u00e1klade \u010dl\u00e1nku \u010d. 431\/2002 Z.z. o \u00fa\u010dtovn\u00edctve v znen\u00ed neskor\u0161\u00edch predpisov) od poslednej realizovanej objedn\u00e1vky.<\/p><p><strong>5. PR\u00cdJEMCOVIA OSOBN\u00ddCH \u00daDAJOV<\/strong><\/p><p>Pr\u00edjemcami osobn\u00fdch \u00fadajov s\u00fa nasledovn\u00e9 osoby:<\/p><p>&#8211; kuri\u00e9rska alebo prepravn\u00e1 spolo\u010dnos\u0165, ktor\u00e1 zabezpe\u010duje dod\u00e1vku tovaru z\u00e1kazn\u00edkovi, ako \u010fal\u0161\u00ed sprostredkovate\u013e<\/p><p>&#8211; spolo\u010dnos\u0165 zabezpe\u010duj\u00faca \u00fa\u010dtovn\u00edctvo, ako sprostredkovate\u013e pre vedenie \u00fa\u010dtovn\u00edctva<\/p><p><strong>6. PR\u00c1VA SUBJEKTU \u00daDAJOV<\/strong><\/p><p>Za podmienok stanoven\u00fdch v GDPR m\u00e1te pr\u00e1vo:<\/p><p>&#8211; na pr\u00edstup k osobn\u00fdm \u00fadajom<\/p><p>&#8211; na opravu osobn\u00fdch \u00fadajov<\/p><p>&#8211; na obmedzenie spracovania osobn\u00fdch \u00fadajov<\/p><p>&#8211; na v\u00fdmaz osobn\u00fdch \u00fadajov<\/p><p>&#8211; na prenosnos\u0165 osobn\u00fdch \u00fadajov<\/p><p>&#8211; vznies\u0165 n\u00e1mietku vo\u010di spracovaniu osobn\u00fdch \u00fadajov<\/p><p>&#8211; poda\u0165 s\u0165a\u017enos\u0165 na dozorn\u00fd \u00farad, ak sa domnievate, \u017ee bolo poru\u0161en\u00e9 Va\u0161e pr\u00e1vo na ochranu osobn\u00fdch \u00fadajov<\/p><p><strong>7. ZABEZPE\u010cENIE OSOBN\u00ddCH \u00daDAJOV<\/strong><\/p><p>Spr\u00e1vca sa zav\u00e4zuje prija\u0165 vhodn\u00e9 technick\u00e9 a organiza\u010dn\u00e9 opatrenia k zabezpe\u010deniu osobn\u00fdch \u00fadajov, aby nedo\u0161lo k neopr\u00e1vnen\u00e9mu pr\u00edstupu k t\u00fdmto \u00fadajom alebo k ich strate. Spr\u00e1vca prehlasuje, \u017ee k osobn\u00fdm \u00fadajom bud\u00fa ma\u0165 pr\u00edstup len opr\u00e1vnen\u00e9 osoby povinn\u00e9 zachov\u00e1va\u0165 ml\u010danlivos\u0165 o osobn\u00fdch \u00fadajoch. Spr\u00e1vca prijal technick\u00e9 opatrenia k zabezpe\u010deniu d\u00e1tov\u00fdch \u00falo\u017e\u00edsk a osobn\u00fdm \u00fadajom evidovan\u00fdm v listinnej podobe.<\/p><p><strong>8. S\u00daBORY COOKIES<\/strong><\/p><p>Pre potreby prisp\u00f4sobenia obsahu n\u00e1\u0161ho internetov\u00e9ho obchodu preferenci\u00e1m kupuj\u00facich pou\u017e\u00edvame s\u00fabory Cookies. Cookies s\u00fa mal\u00e9 d\u00e1tov\u00e9 s\u00fabory, ktor\u00e9 si uklad\u00e1 n\u00e1\u0161 internetov\u00fd obchod do V\u00e1\u0161ho webov\u00e9ho prehliada\u010da pri jeho n\u00e1v\u0161teve. V&nbsp;p\u00f4vodnom nastaven\u00ed n\u00e1\u0161ho internetov\u00e9ho obchodu je prednastaven\u00e9&nbsp; pou\u017e\u00edvanie iba nevyhnutne technicky potrebn\u00e9ho rozsahu Cookies. Pokia\u013e nes\u00fahlas\u00edte s&nbsp;nastaven\u00fdm pou\u017eit\u00edm s\u00faborov Cookies, nastavte si vlastn\u00e9 pravidl\u00e1 pre pou\u017eitie Cookies vo webovom prehliada\u010di na Va\u0161om zariaden\u00ed. &nbsp;&nbsp;<\/p><p><strong>9. Z\u00c1VERE\u010cN\u00c9 USTANOVENIA<\/strong><\/p><p>V\u00a0pr\u00edpade odoslania kontaktn\u00e9ho formul\u00e1ra umiestnen\u00e9ho na na\u0161ej str\u00e1nke alebo odoslan\u00edm \u00a0objedn\u00e1vky z internetov\u00e9ho obchodu potvrdzujete, \u017ee ste sa s podmienkami ochrany osobn\u00fdch \u00fadajov obozn\u00e1mili a bezv\u00fdhradne s nimi s\u00fahlas\u00edte. Spr\u00e1vca si vyhradzuje pr\u00e1vo meni\u0165 tieto podmienky. Aktu\u00e1lna verzia podmienok je zverejnen\u00e1 na internetov\u00fdch str\u00e1nkach spr\u00e1vcu. S\u00fahlas nie je potrebn\u00fd, ak sa sprac\u00favaj\u00fa osobn\u00e9 \u00fadaje v r\u00e1mci z\u00e1konnej povinnosti.\u00a0 Taktie\u017e s\u00fahlas mus\u00ed by\u0165 udelen\u00fd platne a\u00a0len v\u00a0pr\u00edpadoch, v\u00a0ktor\u00fdch sa vy\u017eaduje.<\/p><p>V pr\u00edpade neposkytnutia s\u00fahlasu a osobn\u00fdch \u00fadajov V\u00e1m nebudeme m\u00f4c\u0165 na z\u00e1klade Eur\u00f3pskeho nariadenia o ochrane osobn\u00fdch \u00fadajov poskytn\u00fa\u0165 \u017eiadne slu\u017eby.<\/p><p>V&nbsp;Nov\u00fdch Z\u00e1mkoch 20.01.2025.<\/p><p><\/p><p><\/p><p><\/p><p><\/p><p><\/p><p><\/p><p><\/p><p><\/p><p><\/p><p><\/p><p><\/p><p><\/p>","protected":false},"excerpt":{"rendered":"<p>OCHRANA OSOBN\u00ddCH \u00daDAJOV 1. IDENTIFIKA\u010cN\u00c9 \u00daDAJE Spr\u00e1vcom osobn\u00fdch \u00fadajov je spolo\u010dnos\u0165 Mountfire s.r.o., s\u00eddlom V\u00fdpalisko 15, 940 01 Nov\u00e9 Z\u00e1mky I\u010cO: 35973480, DI\u010c:2022115799, I\u010c DPH:SK2022115799&nbsp; Zap\u00edsan\u00e1 v Obchodnom registri Okresn\u00e9ho s\u00fadu Nitra, Vlo\u017eka \u010d\u00edslo 17551\/N Kontaktn\u00e9 \u00fadaje pred\u00e1vaj\u00faceho: email: mountfire@mountfire.sk telef\u00f3nne \u010d\u00edslo: +421905274686. 2. \u00da\u010cEL SPRACOVANIA OSOBN\u00ddCH \u00daDAJOV Sprac\u00favanie va\u0161ich osobn\u00fdch \u00fadajov vykon\u00e1vame v\u00a0pr\u00edpade pou\u017eitia [&hellip;]<\/p>\n","protected":false},"author":1,"featured_media":0,"parent":0,"menu_order":0,"comment_status":"closed","ping_status":"closed","template":"templates\/full-width-page.php","meta":{"footnotes":""},"class_list":["post-3","page","type-page","status-publish","hentry"],"jetpack_sharing_enabled":true,"_links":{"self":[{"href":"https:\/\/mountfire.sk\/index.php\/wp-json\/wp\/v2\/pages\/3","targetHints":{"allow":["GET"]}}],"collection":[{"href":"https:\/\/mountfire.sk\/index.php\/wp-json\/wp\/v2\/pages"}],"about":[{"href":"https:\/\/mountfire.sk\/index.php\/wp-json\/wp\/v2\/types\/page"}],"author":[{"embeddable":true,"href":"https:\/\/mountfire.sk\/index.php\/wp-json\/wp\/v2\/users\/1"}],"replies":[{"embeddable":true,"href":"https:\/\/mountfire.sk\/index.php\/wp-json\/wp\/v2\/comments?post=3"}],"version-history":[{"count":10,"href":"https:\/\/mountfire.sk\/index.php\/wp-json\/wp\/v2\/pages\/3\/revisions"}],"predecessor-version":[{"id":1255,"href":"https:\/\/mountfire.sk\/index.php\/wp-json\/wp\/v2\/pages\/3\/revisions\/1255"}],"wp:attachment":[{"href":"https:\/\/mountfire.sk\/index.php\/wp-json\/wp\/v2\/media?parent=3"}],"curies":[{"name":"wp","href":"https:\/\/api.w.org\/{rel}","templated":true}]}}