{"id":694,"date":"2025-01-02T16:35:26","date_gmt":"2025-01-02T15:35:26","guid":{"rendered":"https:\/\/mountfire.sk\/?page_id=694"},"modified":"2025-03-09T21:32:19","modified_gmt":"2025-03-09T20:32:19","slug":"domov_3","status":"publish","type":"page","link":"https:\/\/mountfire.sk\/","title":{"rendered":"Domov"},"content":{"rendered":"<style id=\"depicter-1-inline-pre-css\">\n\n.depicter-1:not(.depicter-ready){\n\theight:800px;\n}\n.depicter-revert.depicter-1 .depicter-primary-container{\n\tmargin-top:0px;\n\tmargin-bottom:0px;\n}\n\n\/***** Tablet *****\/\n@media screen and (max-width: 1024px){\n\n.depicter-1:not(.depicter-ready){\n\theight:600px;\n}\n\n}\n\/***** Mobile *****\/\n@media screen and (max-width: 767px){\n\n.depicter-1:not(.depicter-ready){\n\theight:600px;\n}\n\n}\n<\/style>\n<div id=\"depicter-1\" class=\"depicter depicter-document depicter-revert depicter-1 depicter-layout-fullwidth\">\n\n<div class=\"depicter-loading-container depicter-loading dotFlashing-dark\"><div class=\"depicter-loading-dark depicter-dot-flashing\">\n   <span><\/span>\n   <span><\/span>\n   <span><\/span>\n<\/div><\/div>\n\n<div class=\"depicter-overlay-layers\">\n<div id=\"depicter-1-element-71\" class=\"depicter-element depicter-layer depicter-1-element-71\" data-type=\"bullet\" data-wrap=\"true\" data-name=\"Element 71\" data-offset=\"x:-1px;y:46px;origin:bc\" data-width=\"auto,,\" data-height=\"auto,,\" data-responsive-scale=\"true,,\"><\/div>\n<h1 data-animation-in=\"{'direction':'bottom','easing':'easeInOutExpo','duration':2500,'movement':120,'delay':0,'type':'move'}\" data-between-in-out=\"false\" id=\"depicter-1-element-5\" class=\"depicter-element depicter-layer depicter-1-element-5\" data-type=\"text\" data-wrap=\"true\" data-name=\"Copy of Element 4\" data-offset=\"x:5%;y:30%;origin:tl\" data-tablet-offset=\"x:55px;y:136px;origin:tl\" data-mobile-offset=\"x:9px;y:72px;origin:tl\" data-tablet-position-type=\"absolute\" data-mobile-position-type=\"absolute\" data-width=\"95%,auto,323px\" data-height=\"auto,auto,auto\" data-responsive-scale=\"true,,\">MIESTO KDE N\u00c1JDETE SVOJ VYSN\u00cdVAN\u00dd BAz\u00c9N<\/h1>\n\n<div data-animation-in=\"{'direction':'left','easing':'easeOutQuart','duration':2200,'movement':-35,'scale':1,'delay':2000,'type':'move'}\" data-between-in-out=\"false\" id=\"depicter-1-element-7\" class=\"depicter-element depicter-layer depicter-1-element-7\" data-type=\"button\" data-wrap=\"true\" data-name=\"Element 7\" data-offset=\"x:15%;y:75%;origin:tl\" data-tablet-offset=\"x:441px;y:439px;origin:tl\" data-mobile-offset=\"x:0px;y:166px;origin:mc\" data-tablet-position-type=\"absolute\" data-mobile-position-type=\"absolute\" data-actions=\"[['openURL','click',0,{'path':'https:\\\/\\\/mountfire.sk\\\/index.php\\\/bazeny\\\/','target':'_self'}]]\" data-width=\"198.948px,16%,40%\" data-height=\"45px,auto,auto\" data-responsive-scale=\"true,,\">VIAC<\/div>\n<div id=\"depicter-1-element-105\" class=\"depicter-element depicter-layer depicter-1-element-105\" data-type=\"playAndPause\" data-wrap=\"true\" data-name=\"Play and Pause 1\" data-offset=\"x:1600px;y:754px;origin:tl\" data-width=\"39.9783px,,\" data-height=\"39.9783px,,\" data-responsive-scale=\"true,,\">\n<svg class=\"depicter-play-icon\" width=\"10\" height=\"16\"> <path d=\"M10 8 0 0v16Z\" \/><\/svg>\n<svg class=\"depicter-pause-icon\" width=\"12\" height=\"16\"><g><path d=\"M0 0h4v16H0z\" \/><path d=\"M8 0h4v16H8z\" \/><\/g><\/svg>\n<\/div>\n<\/div>\n\n<div id=\"depicter-1-section-1\" class=\"depicter-section depicter-1-section-1\" data-name=\"Slide 1\" data-slideshow-duration=\"4\">\n<picture class=\"depicter-bg\">\n<source data-depicter-srcset=\"https:\/\/mountfire.sk\/wp-content\/uploads\/2023\/05\/cropped-1-piscine-olivia-trophee-1-768x384.jpg, https:\/\/mountfire.sk\/wp-content\/uploads\/2023\/05\/cropped-1-piscine-olivia-trophee-1.jpg 2x\" srcset=\"data:image\/gif;base64,R0lGODlhAQABAIAAAAAAAP\/\/\/yH5BAEAAAAALAAAAAABAAEAAAIBRAA7\" media=\"(max-width: 1024px)\" \/>\n\n<source data-depicter-srcset=\"https:\/\/mountfire.sk\/wp-content\/uploads\/2023\/05\/cropped-1-piscine-olivia-trophee-1.jpg, https:\/\/mountfire.sk\/wp-content\/uploads\/2023\/05\/cropped-1-piscine-olivia-trophee-1-1600x800.jpg 2x\" srcset=\"data:image\/gif;base64,R0lGODlhAQABAIAAAAAAAP\/\/\/yH5BAEAAAAALAAAAAABAAEAAAIBRAA7\" media=\"(min-width: 1025px)\" \/>\n<img decoding=\"async\" src=\"data:image\/gif;base64,R0lGODlhAQABAIAAAAAAAP\/\/\/yH5BAEAAAAALAAAAAABAAEAAAIBRAA7\" alt=\"\" data-depicter-src=\"https:\/\/mountfire.sk\/wp-content\/uploads\/2023\/05\/cropped-1-piscine-olivia-trophee-1.jpg\" data-object-position=\"center center,,\" \/>\n<\/picture>\n\n<\/div>\n\n<div id=\"depicter-1-section-75\" class=\"depicter-section depicter-1-section-75\" data-name=\"Slide 4\">\n<picture class=\"depicter-bg\">\n<source data-depicter-srcset=\"https:\/\/mountfire.sk\/wp-content\/uploads\/2023\/05\/cropped-escalier-piscine-pacio-1-768x384.jpg, https:\/\/mountfire.sk\/wp-content\/uploads\/2023\/05\/cropped-escalier-piscine-pacio-1.jpg 2x\" srcset=\"data:image\/gif;base64,R0lGODlhAQABAIAAAAAAAP\/\/\/yH5BAEAAAAALAAAAAABAAEAAAIBRAA7\" media=\"(max-width: 1024px)\" \/>\n\n<source data-depicter-srcset=\"https:\/\/mountfire.sk\/wp-content\/uploads\/2023\/05\/cropped-escalier-piscine-pacio-1.jpg, https:\/\/mountfire.sk\/wp-content\/uploads\/2023\/05\/cropped-escalier-piscine-pacio-1-1600x800.jpg 2x\" srcset=\"data:image\/gif;base64,R0lGODlhAQABAIAAAAAAAP\/\/\/yH5BAEAAAAALAAAAAABAAEAAAIBRAA7\" media=\"(min-width: 1025px)\" \/>\n<img decoding=\"async\" src=\"data:image\/gif;base64,R0lGODlhAQABAIAAAAAAAP\/\/\/yH5BAEAAAAALAAAAAABAAEAAAIBRAA7\" alt=\"\" data-depicter-src=\"https:\/\/mountfire.sk\/wp-content\/uploads\/2023\/05\/cropped-escalier-piscine-pacio-1.jpg\" data-object-fit=\"cover,,\" \/>\n<\/picture>\n\n<\/div>\n\n<div id=\"depicter-1-section-80\" class=\"depicter-section depicter-1-section-80\" data-name=\"Slide 5\">\n<picture class=\"depicter-bg\">\n<source data-depicter-srcset=\"https:\/\/mountfire.sk\/wp-content\/uploads\/2023\/05\/cropped-pacio1-768x384.jpg, https:\/\/mountfire.sk\/wp-content\/uploads\/2023\/05\/cropped-pacio1.jpg 2x\" srcset=\"data:image\/gif;base64,R0lGODlhAQABAIAAAAAAAP\/\/\/yH5BAEAAAAALAAAAAABAAEAAAIBRAA7\" media=\"(max-width: 1024px)\" \/>\n\n<source data-depicter-srcset=\"https:\/\/mountfire.sk\/wp-content\/uploads\/2023\/05\/cropped-pacio1.jpg, https:\/\/mountfire.sk\/wp-content\/uploads\/2023\/05\/cropped-pacio1-1600x800.jpg 2x\" srcset=\"data:image\/gif;base64,R0lGODlhAQABAIAAAAAAAP\/\/\/yH5BAEAAAAALAAAAAABAAEAAAIBRAA7\" media=\"(min-width: 1025px)\" \/>\n<img decoding=\"async\" src=\"data:image\/gif;base64,R0lGODlhAQABAIAAAAAAAP\/\/\/yH5BAEAAAAALAAAAAABAAEAAAIBRAA7\" alt=\"\" data-depicter-src=\"https:\/\/mountfire.sk\/wp-content\/uploads\/2023\/05\/cropped-pacio1.jpg\" data-object-fit=\"cover,,\" data-object-position=\"center center,,\" \/>\n<\/picture>\n\n<\/div>\n\n<div id=\"depicter-1-section-87\" class=\"depicter-section depicter-1-section-87\" data-name=\"Slide 6\">\n<picture class=\"depicter-bg\">\n<source data-depicter-srcset=\"https:\/\/mountfire.sk\/wp-content\/uploads\/2023\/05\/ezgif.com-webp-to-png3-768x518.png, https:\/\/mountfire.sk\/wp-content\/uploads\/2023\/05\/ezgif.com-webp-to-png3.png 2x\" srcset=\"data:image\/gif;base64,R0lGODlhAQABAIAAAAAAAP\/\/\/yH5BAEAAAAALAAAAAABAAEAAAIBRAA7\" media=\"(max-width: 1024px)\" \/>\n\n<source data-depicter-srcset=\"https:\/\/mountfire.sk\/wp-content\/uploads\/2023\/05\/ezgif.com-webp-to-png3.png, https:\/\/mountfire.sk\/wp-content\/uploads\/2023\/05\/ezgif.com-webp-to-png3-831x561.png 2x\" srcset=\"data:image\/gif;base64,R0lGODlhAQABAIAAAAAAAP\/\/\/yH5BAEAAAAALAAAAAABAAEAAAIBRAA7\" media=\"(min-width: 1025px)\" \/>\n<img decoding=\"async\" src=\"data:image\/gif;base64,R0lGODlhAQABAIAAAAAAAP\/\/\/yH5BAEAAAAALAAAAAABAAEAAAIBRAA7\" alt=\"\" data-depicter-src=\"https:\/\/mountfire.sk\/wp-content\/uploads\/2023\/05\/ezgif.com-webp-to-png3.png\" data-object-fit=\"custom,,\" data-object-position=\"center center,,\" data-crop=\"{'focalPoint':{'x':0.5,'y':0.5},'mediaSize':{'width':1640,'height':1107.1480144404331}}\" data-tablet-crop=\"{'focalPoint':{'x':0.5,'y':0.5},'mediaSize':{'width':1024,'height':691.2924187725632}}\" data-mobile-crop=\"{'focalPoint':{'x':0.5,'y':0.5},'mediaSize':{'width':888.7700534759359,'height':600}}\" \/>\n<\/picture>\n\n<\/div>\n\n<div id=\"depicter-1-section-101\" class=\"depicter-section depicter-1-section-101\" data-name=\"Slide 7\">\n<picture class=\"depicter-bg\">\n<source data-depicter-srcset=\"https:\/\/mountfire.sk\/wp-content\/uploads\/2023\/05\/escalier-piscine-pacio-6-768x431.jpg, https:\/\/mountfire.sk\/wp-content\/uploads\/2023\/05\/escalier-piscine-pacio-6.jpg 2x\" srcset=\"data:image\/gif;base64,R0lGODlhAQABAIAAAAAAAP\/\/\/yH5BAEAAAAALAAAAAABAAEAAAIBRAA7\" media=\"(max-width: 1024px)\" \/>\n\n<source data-depicter-srcset=\"https:\/\/mountfire.sk\/wp-content\/uploads\/2023\/05\/escalier-piscine-pacio-6.jpg, https:\/\/mountfire.sk\/wp-content\/uploads\/2023\/05\/escalier-piscine-pacio-6-1140x640.jpg 2x\" srcset=\"data:image\/gif;base64,R0lGODlhAQABAIAAAAAAAP\/\/\/yH5BAEAAAAALAAAAAABAAEAAAIBRAA7\" media=\"(min-width: 1025px)\" \/>\n<img decoding=\"async\" src=\"data:image\/gif;base64,R0lGODlhAQABAIAAAAAAAP\/\/\/yH5BAEAAAAALAAAAAABAAEAAAIBRAA7\" data-ken-burns=\"{'scale':1,'duration':'5000','focalPoint':{'x':0.5,'y':0.43},'easing':'linear'}\" data-tablet-ken-burns=\"{'scale':1,'duration':'5000','focalPoint':{'x':0.5,'y':0.43},'easing':'linear'}\" data-mobile-ken-burns=\"{'scale':1,'duration':'5000','focalPoint':{'x':0.5,'y':0.43},'easing':'linear'}\" alt=\"\" data-depicter-src=\"https:\/\/mountfire.sk\/wp-content\/uploads\/2023\/05\/escalier-piscine-pacio-6.jpg\" data-object-fit=\"custom,,\" data-object-position=\"center top,,\" data-crop=\"{'focalPoint':{'x':0.5,'y':0.43},'mediaSize':{'width':1670,'height':937}}\" data-tablet-crop=\"{'focalPoint':{'x':0.5,'y':0.5},'mediaSize':{'width':1068.75,'height':600}}\" data-mobile-crop=\"{'focalPoint':{'x':0.5,'y':0.5},'mediaSize':{'width':1068.75,'height':600}}\" \/>\n<\/picture>\n\n<\/div>\n<\/div>\n<script>\n(window.depicterSetups = window.depicterSetups || []).push(function(){\n\tDepicter.basePath = 'https:\/\/mountfire.sk\/wp-content\/plugins\/depicter\/resources\/scripts\/player\/';\n\tconst dpPlayer = Depicter.setup('.depicter-1',\n\t\t{\"width\":[\"1640\",\"1024\",\"340\"],\"height\":[\"800\",\"600\",\"600\"],\"view\":\"basic\",\"keepAspectRatio\":true,\"preload\":0,\"layout\":\"fullwidth\",\"rtl\":false,\"initAfterAppear\":false,\"viewOptions\":{\"loop\":true,\"dir\":\"h\"},\"slideshow\":{\"duration\":4,\"pauseAtEnd\":false,\"pauseOnHover\":false,\"autostart\":true},\"mouseSwipe\":true,\"touchSwipe\":true,\"keyboard\":true,\"useWatermark\":false}\n\t);\n});\n<\/script><p> <\/p><h3 class=\"wp-block-heading has-text-align-center section-title\">H\u013ead\u00e1te baz\u00e9n do v\u00e1\u0161ho dom\u00e1ceho kr\u00e1\u013eovstva?<\/h3><h3 class=\"wp-block-heading has-text-align-center has-black-color has-text-color has-link-color wp-elements-8d0eae849de5d706c46b4abab576269a\">T\u00fa\u017eite po letnom osvie\u017een\u00ed v komforte vlastnej z\u00e1hrady? <\/h3><h1 class=\"wp-block-heading has-text-align-center has-black-color has-text-color has-link-color wp-elements-777e1daebbc50b9dda508823fb3d2da5\"><strong> Ste na spr\u00e1vnej adrese!<\/strong><\/h1><div style=\"height:1.3em\" aria-hidden=\"true\" class=\"wp-block-spacer\"><\/div><p class=\"has-text-align-center\">V pr\u00edpade z\u00e1ujmu o konzult\u00e1ciu oh\u013eadom V\u00e1\u0161ho nov\u00e9ho baz\u00e9nu, pros\u00edm vypl\u0148te n\u00e1\u0161 <a href=\"https:\/\/mountfire.sk\/index.php\/kontakty\/\"><mark style=\"background-color:rgba(0, 0, 0, 0)\" class=\"has-inline-color has-vivid-cyan-blue-color\">kontaktn\u00fd formul\u00e1r<\/mark><\/a> a budeme v\u00e1s kontaktova\u0165.<\/p><p><\/p>","protected":false},"excerpt":{"rendered":"<p>H\u013ead\u00e1te baz\u00e9n do svojho dom\u00e1ceho kr\u00e1\u013eovstva? Na\u0161a spolo\u010dnos\u0165 v\u00e1m radi porad\u00ed a pom\u00f4\u017ee s v\u00fdberom, aby ste mohli za\u017ei\u0165 letn\u00e9 osvie\u017eenie vo vlastnej z\u00e1hrade. Pre z\u00e1ujem o konzult\u00e1ciu oh\u013eadom nov\u00e9ho baz\u00e9nu, vypl\u0148te n\u00e1\u0161 kontaktn\u00fd formul\u00e1r a \u010doskoro sa s vami skontaktujeme. Te\u0161\u00edme sa na spolupr\u00e1cu!<\/p>\n","protected":false},"author":1,"featured_media":0,"parent":0,"menu_order":0,"comment_status":"closed","ping_status":"closed","template":"templates\/full-width-page.php","meta":{"footnotes":""},"class_list":["post-694","page","type-page","status-publish","hentry"],"jetpack_sharing_enabled":true,"_links":{"self":[{"href":"https:\/\/mountfire.sk\/index.php\/wp-json\/wp\/v2\/pages\/694","targetHints":{"allow":["GET"]}}],"collection":[{"href":"https:\/\/mountfire.sk\/index.php\/wp-json\/wp\/v2\/pages"}],"about":[{"href":"https:\/\/mountfire.sk\/index.php\/wp-json\/wp\/v2\/types\/page"}],"author":[{"embeddable":true,"href":"https:\/\/mountfire.sk\/index.php\/wp-json\/wp\/v2\/users\/1"}],"replies":[{"embeddable":true,"href":"https:\/\/mountfire.sk\/index.php\/wp-json\/wp\/v2\/comments?post=694"}],"version-history":[{"count":38,"href":"https:\/\/mountfire.sk\/index.php\/wp-json\/wp\/v2\/pages\/694\/revisions"}],"predecessor-version":[{"id":1671,"href":"https:\/\/mountfire.sk\/index.php\/wp-json\/wp\/v2\/pages\/694\/revisions\/1671"}],"wp:attachment":[{"href":"https:\/\/mountfire.sk\/index.php\/wp-json\/wp\/v2\/media?parent=694"}],"curies":[{"name":"wp","href":"https:\/\/api.w.org\/{rel}","templated":true}]}}