{"id":78,"date":"2023-05-21T21:59:05","date_gmt":"2023-05-21T19:59:05","guid":{"rendered":"http:\/\/mountfire.sk\/WP\/?page_id=78"},"modified":"2025-03-11T16:58:32","modified_gmt":"2025-03-11T15:58:32","slug":"kontakty","status":"publish","type":"page","link":"https:\/\/mountfire.sk\/index.php\/kontakty\/","title":{"rendered":"Kontakt"},"content":{"rendered":"<div class=\"wp-block-columns is-layout-flex wp-container-core-columns-is-layout-28f84493 wp-block-columns-is-layout-flex\"><div class=\"wp-block-column is-layout-flow wp-block-column-is-layout-flow\"><h2 class=\"wp-block-heading\">Telef\u00f3n:<\/h2>\n\n<p class=\"has-black-color has-text-color has-link-color wp-elements-762849b6a51965b890ae79acebd3e5fa\">+421 905 274 686<br>+421 918 523 365<\/p>\n\n<h2 class=\"wp-block-heading\">E-Mail:<\/h2>\n\n<p class=\"has-black-color has-text-color has-link-color wp-elements-c0ed8d7149dbe97acb3946aae06458f2\"><a style=\"color: #00cfef;\" href=\"mailto:mountfire@mountfire.sk\">mountfire@mountfire.sk<\/a><\/p>\n\n<h2 class=\"wp-block-heading\">Adresa:<\/h2>\n\n<p class=\"has-black-color has-text-color has-link-color wp-elements-c02dd0c5c49253ce1f0f3b17a568812b\">Mountfire s.r.o.<br>V\u00fdpalisko 15<br>940 01 Nov\u00e9 Z\u00e1mky<\/p>\n\n<hr class=\"wp-block-separator has-alpha-channel-opacity\"\/>\n\n<p><iframe loading=\"lazy\" style=\"border: 0;\" src=\"https:\/\/www.google.com\/maps\/embed?pb=!1m18!1m12!1m3!1d1200.2396605990248!2d18.16566178405419!3d47.9977089137586!2m3!1f0!2f0!3f0!3m2!1i1024!2i768!4f13.1!3m3!1m2!1s0x476b0403c5b50a95%3A0xe75059dac5d4ff37!2zVsO9cGFsaXNrbyAxNDAxLzE1LCA5NDAgMDIgTm92w6kgWsOhbWt5!5e1!3m2!1ssk!2ssk!4v1428178672681\" width=\"400\" height=\"300\" frameborder=\"0\"><\/iframe><\/p>\n\n<p>&nbsp;<\/p><\/div>\n\n<div class=\"wp-block-column is-layout-flow wp-block-column-is-layout-flow\"><h2 class=\"wp-block-heading\">Kontaktn\u00fd formul\u00e1r:<\/h2>\n\n\n<div class=\"wpcf7 no-js\" id=\"wpcf7-f147-o1\" lang=\"sk-SK\" dir=\"ltr\" data-wpcf7-id=\"147\">\n<div class=\"screen-reader-response\"><p role=\"status\" aria-live=\"polite\" aria-atomic=\"true\"><\/p> <ul><\/ul><\/div>\n<form action=\"\/index.php\/wp-json\/wp\/v2\/pages\/78#wpcf7-f147-o1\" method=\"post\" class=\"wpcf7-form init\" aria-label=\"Kontaktn\u00fd formul\u00e1r\" novalidate=\"novalidate\" data-status=\"init\">\n<div style=\"display: none;\">\n<input type=\"hidden\" name=\"_wpcf7\" value=\"147\" \/>\n<input type=\"hidden\" name=\"_wpcf7_version\" value=\"6.0.5\" \/>\n<input type=\"hidden\" name=\"_wpcf7_locale\" value=\"sk_SK\" \/>\n<input type=\"hidden\" name=\"_wpcf7_unit_tag\" value=\"wpcf7-f147-o1\" \/>\n<input type=\"hidden\" name=\"_wpcf7_container_post\" value=\"0\" \/>\n<input type=\"hidden\" name=\"_wpcf7_posted_data_hash\" value=\"\" \/>\n<\/div>\n<p><label> Va\u0161e meno<br \/>\n<span class=\"wpcf7-form-control-wrap\" data-name=\"meno\"><input size=\"40\" maxlength=\"400\" class=\"wpcf7-form-control wpcf7-text wpcf7-validates-as-required\" autocomplete=\"meno\" aria-required=\"true\" aria-invalid=\"false\" value=\"\" type=\"text\" name=\"meno\" \/><\/span> <\/label>\n<\/p>\n<p><label> Ulica<br \/>\n<span class=\"wpcf7-form-control-wrap\" data-name=\"ulica\"><input size=\"40\" maxlength=\"400\" class=\"wpcf7-form-control wpcf7-text wpcf7-validates-as-required\" autocomplete=\"ulica\" aria-required=\"true\" aria-invalid=\"false\" value=\"\" type=\"text\" name=\"ulica\" \/><\/span> <\/label>\n<\/p>\n<p><label> Obec<br \/>\n<span class=\"wpcf7-form-control-wrap\" data-name=\"obec\"><input size=\"40\" maxlength=\"400\" class=\"wpcf7-form-control wpcf7-text wpcf7-validates-as-required\" autocomplete=\"obec\" aria-required=\"true\" aria-invalid=\"false\" value=\"\" type=\"text\" name=\"obec\" \/><\/span> <\/label>\n<\/p>\n<p><label> PS\u010c<br \/>\n<span class=\"wpcf7-form-control-wrap\" data-name=\"psc\"><input size=\"40\" maxlength=\"400\" class=\"wpcf7-form-control wpcf7-text wpcf7-validates-as-required\" autocomplete=\"psc\" aria-required=\"true\" aria-invalid=\"false\" value=\"\" type=\"text\" name=\"psc\" \/><\/span> <\/label>\n<\/p>\n<p><label> V\u00e1\u0161 email<br \/>\n<span class=\"wpcf7-form-control-wrap\" data-name=\"email\"><input size=\"40\" maxlength=\"400\" class=\"wpcf7-form-control wpcf7-email wpcf7-validates-as-required wpcf7-text wpcf7-validates-as-email\" autocomplete=\"email\" aria-required=\"true\" aria-invalid=\"false\" value=\"\" type=\"email\" name=\"email\" \/><\/span> <\/label>\n<\/p>\n<p><label> V\u00e1\u0161e telef\u00f3nne \u010d\u00edslo<br \/>\n<span class=\"wpcf7-form-control-wrap\" data-name=\"number\"><input size=\"40\" maxlength=\"400\" class=\"wpcf7-form-control wpcf7-tel wpcf7-validates-as-required wpcf7-text wpcf7-validates-as-tel\" aria-required=\"true\" aria-invalid=\"false\" placeholder=\"0905 000 000\" value=\"\" type=\"tel\" name=\"number\" \/><\/span><\/label>\n<\/p>\n<p><span class=\"wpcf7-form-control-wrap\" data-name=\"contact\"><span class=\"wpcf7-form-control wpcf7-checkbox wpcf7-validates-as-required wpcf7-exclusive-checkbox\"><span class=\"wpcf7-list-item first\"><label><input type=\"checkbox\" name=\"contact\" value=\"Kontaktujte ma e-mailom\" \/><span class=\"wpcf7-list-item-label\">Kontaktujte ma e-mailom<\/span><\/label><\/span><span class=\"wpcf7-list-item last\"><label><input type=\"checkbox\" name=\"contact\" value=\"Kontaktujte ma telefonicky\" \/><span class=\"wpcf7-list-item-label\">Kontaktujte ma telefonicky<\/span><\/label><\/span><\/span><\/span>\n<\/p>\n<p>Stla\u010den\u00edm tla\u010didla Odosla\u0165 s\u00fahlas\u00edte s doru\u010dovan\u00edm informa\u010dn\u00fdch emailov a <a href=\"www.mountfire.sk\/GDPR\">spracovan\u00edm osobn\u00fdch \u00fadajov<\/a>.\n<\/p>\n<p><input class=\"wpcf7-form-control wpcf7-submit has-spinner\" type=\"submit\" value=\"Odosla\u0165\" \/>\n<\/p><p style=\"display: none !important;\" class=\"akismet-fields-container\" data-prefix=\"_wpcf7_ak_\"><label>&#916;<textarea name=\"_wpcf7_ak_hp_textarea\" cols=\"45\" rows=\"8\" maxlength=\"100\"><\/textarea><\/label><input type=\"hidden\" id=\"ak_js_1\" name=\"_wpcf7_ak_js\" value=\"24\"\/><script>document.getElementById( \"ak_js_1\" ).setAttribute( \"value\", ( new Date() ).getTime() );<\/script><\/p><div class=\"wpcf7-response-output\" aria-hidden=\"true\"><\/div>\n<\/form>\n<\/div>\n<\/div><\/div>","protected":false},"excerpt":{"rendered":"<p>Telef\u00f3n: +421 905 274 686+421 918 523 365 E-Mail: mountfire@mountfire.sk Adresa: Mountfire s.r.o.V\u00fdpalisko 15940 01 Nov\u00e9 Z\u00e1mky &nbsp; Kontaktn\u00fd formul\u00e1r:<\/p>\n","protected":false},"author":1,"featured_media":0,"parent":0,"menu_order":0,"comment_status":"closed","ping_status":"closed","template":"templates\/full-width-page.php","meta":{"footnotes":""},"class_list":["post-78","page","type-page","status-publish","hentry"],"jetpack_sharing_enabled":true,"_links":{"self":[{"href":"https:\/\/mountfire.sk\/index.php\/wp-json\/wp\/v2\/pages\/78","targetHints":{"allow":["GET"]}}],"collection":[{"href":"https:\/\/mountfire.sk\/index.php\/wp-json\/wp\/v2\/pages"}],"about":[{"href":"https:\/\/mountfire.sk\/index.php\/wp-json\/wp\/v2\/types\/page"}],"author":[{"embeddable":true,"href":"https:\/\/mountfire.sk\/index.php\/wp-json\/wp\/v2\/users\/1"}],"replies":[{"embeddable":true,"href":"https:\/\/mountfire.sk\/index.php\/wp-json\/wp\/v2\/comments?post=78"}],"version-history":[{"count":29,"href":"https:\/\/mountfire.sk\/index.php\/wp-json\/wp\/v2\/pages\/78\/revisions"}],"predecessor-version":[{"id":1662,"href":"https:\/\/mountfire.sk\/index.php\/wp-json\/wp\/v2\/pages\/78\/revisions\/1662"}],"wp:attachment":[{"href":"https:\/\/mountfire.sk\/index.php\/wp-json\/wp\/v2\/media?parent=78"}],"curies":[{"name":"wp","href":"https:\/\/api.w.org\/{rel}","templated":true}]}}