{"id":1008,"date":"2025-01-11T14:02:16","date_gmt":"2025-01-11T13:02:16","guid":{"rendered":"https:\/\/mountfire.sk\/?post_type=product&#038;p=1008"},"modified":"2026-02-11T18:56:15","modified_gmt":"2026-02-11T17:56:15","slug":"cerpadlo-waterair-15m3-h","status":"publish","type":"product","link":"https:\/\/mountfire.sk\/index.php\/produkt\/cerpadlo-waterair-15m3-h\/","title":{"rendered":"\u010cerpadlo Waterair 15m3\/h"},"content":{"rendered":"<p>Extr\u00e9mne \u00fasporn\u00e9 baz\u00e9nov\u00e9 \u010derpadlo Waterair s v\u00fdkonom 15m3\/h<br \/>\nPr\u00edkon \u010derpadla P1 = 1,1 kW\u00a0\u00a0 P2 = 0,55 kW<br \/>\nDoporu\u010den\u00e9 pre objem baz\u00e9na do 80 m3<br \/>\n\u010cerpadlo je kompatibiln\u00e9 so so\u013enou \u00fapravou baz\u00e9novej vody<br \/>\nVhodn\u00e9 pre individu\u00e1lne pou\u017eitie ako aj pre baz\u00e9ny p\u00f4vodne dodan\u00e9 s filtra\u010dnou technickou \u0161achtou Locaroc 2<br \/>\nHmotnos\u0165 10,7 kg<br \/>\nZ\u00e1ruka 24 mesiacov<\/p>\n","protected":false},"excerpt":{"rendered":"<p>ozna\u010denie P 75<\/p>\n","protected":false},"featured_media":801,"template":"","meta":[],"product_cat":[20],"product_tag":[],"class_list":{"0":"post-1008","1":"product","2":"type-product","3":"status-publish","4":"has-post-thumbnail","6":"product_cat-waterair-bazeny-rodinne-cerpadla-kartus-vlozka-filter-filtracia-filtracny-system","7":"product_shipping_class-cerpadla-do-10kg","9":"first","10":"instock","11":"taxable","12":"shipping-taxable","13":"purchasable","14":"product-type-simple"},"jetpack_sharing_enabled":true,"_links":{"self":[{"href":"https:\/\/mountfire.sk\/index.php\/wp-json\/wp\/v2\/product\/1008","targetHints":{"allow":["GET"]}}],"collection":[{"href":"https:\/\/mountfire.sk\/index.php\/wp-json\/wp\/v2\/product"}],"about":[{"href":"https:\/\/mountfire.sk\/index.php\/wp-json\/wp\/v2\/types\/product"}],"wp:featuredmedia":[{"embeddable":true,"href":"https:\/\/mountfire.sk\/index.php\/wp-json\/wp\/v2\/media\/801"}],"wp:attachment":[{"href":"https:\/\/mountfire.sk\/index.php\/wp-json\/wp\/v2\/media?parent=1008"}],"wp:term":[{"taxonomy":"product_cat","embeddable":true,"href":"https:\/\/mountfire.sk\/index.php\/wp-json\/wp\/v2\/product_cat?post=1008"},{"taxonomy":"product_tag","embeddable":true,"href":"https:\/\/mountfire.sk\/index.php\/wp-json\/wp\/v2\/product_tag?post=1008"}],"curies":[{"name":"wp","href":"https:\/\/api.w.org\/{rel}","templated":true}]}}