{"id":1027,"date":"2025-01-11T18:30:20","date_gmt":"2025-01-11T17:30:20","guid":{"rendered":"https:\/\/mountfire.sk\/?post_type=product&#038;p=1027"},"modified":"2026-02-11T19:03:00","modified_gmt":"2026-02-11T18:03:00","slug":"cerpadlo-pre-escatop-22m3-h","status":"publish","type":"product","link":"https:\/\/mountfire.sk\/index.php\/produkt\/cerpadlo-pre-escatop-22m3-h\/","title":{"rendered":"\u010cerpadlo pre Escatop\u00ae 22m3\/h"},"content":{"rendered":"<p>Baz\u00e9nov\u00e9 \u010derpadlo\u00a0je ur\u010den\u00e9 pre pou\u017eitie v multifunk\u010dnom schodisku Escatop Balneo Syst\u00e9m\u00ae<br \/>\nBaz\u00e9nov\u00e9 \u010derpadlo Waterair s v\u00fdkonom 22m3\/h<br \/>\nPr\u00edkon \u010derpadla P1 = 1,4 kW P2 = 1,1 kW<br \/>\nDoporu\u010den\u00e9 pre objem baz\u00e9na do 120 m3<br \/>\n\u010cerpadlo je kompatibiln\u00e9 so so\u013enou \u00fapravou baz\u00e9novej vody<br \/>\nJe vhodn\u00e9 pre individu\u00e1lne pou\u017eitie a po malej \u00faprave pripojen\u00ed aj ako n\u00e1hradn\u00e9 \u010derpadlo pre baz\u00e9ny Waterair p\u00f4vodne dodan\u00e9 s \u010derpadlami typu PRF a Sta-Rite.<br \/>\nHmotnos\u0165 17 kg<br \/>\nZ\u00e1ruka 24 mesiacov<\/p>\n","protected":false},"excerpt":{"rendered":"<p>\u010derpadlo pre mas\u00e1\u017ene schodisko Escatop<\/p>\n<p><strong>dodanie 10 &#8211; 30 dn\u00ed<\/strong><\/p>\n","protected":false},"featured_media":734,"template":"","meta":[],"product_cat":[20],"product_tag":[],"class_list":{"0":"post-1027","1":"product","2":"type-product","3":"status-publish","4":"has-post-thumbnail","6":"product_cat-waterair-bazeny-rodinne-cerpadla-kartus-vlozka-filter-filtracia-filtracny-system","7":"product_shipping_class-baenove-cerpadla","9":"first","10":"onbackorder","11":"taxable","12":"shipping-taxable","13":"purchasable","14":"product-type-simple"},"jetpack_sharing_enabled":true,"_links":{"self":[{"href":"https:\/\/mountfire.sk\/index.php\/wp-json\/wp\/v2\/product\/1027","targetHints":{"allow":["GET"]}}],"collection":[{"href":"https:\/\/mountfire.sk\/index.php\/wp-json\/wp\/v2\/product"}],"about":[{"href":"https:\/\/mountfire.sk\/index.php\/wp-json\/wp\/v2\/types\/product"}],"wp:featuredmedia":[{"embeddable":true,"href":"https:\/\/mountfire.sk\/index.php\/wp-json\/wp\/v2\/media\/734"}],"wp:attachment":[{"href":"https:\/\/mountfire.sk\/index.php\/wp-json\/wp\/v2\/media?parent=1027"}],"wp:term":[{"taxonomy":"product_cat","embeddable":true,"href":"https:\/\/mountfire.sk\/index.php\/wp-json\/wp\/v2\/product_cat?post=1027"},{"taxonomy":"product_tag","embeddable":true,"href":"https:\/\/mountfire.sk\/index.php\/wp-json\/wp\/v2\/product_tag?post=1027"}],"curies":[{"name":"wp","href":"https:\/\/api.w.org\/{rel}","templated":true}]}}