{"id":1081,"date":"2025-01-13T18:29:19","date_gmt":"2025-01-13T17:29:19","guid":{"rendered":"https:\/\/mountfire.sk\/?post_type=product&#038;p=1081"},"modified":"2025-01-24T18:43:49","modified_gmt":"2025-01-24T17:43:49","slug":"filwat-compact-system-integrovana-filtracna-jednotka","status":"publish","type":"product","link":"https:\/\/mountfire.sk\/index.php\/produkt\/filwat-compact-system-integrovana-filtracna-jednotka\/","title":{"rendered":"Filwat Compact System\u00ae"},"content":{"rendered":"<p>Integrovan\u00e1 filtra\u010dn\u00e1 jednotka priamo na telese baz\u00e9na<br \/>\nIntegruje v sebe skimmer, ko\u0161\u00edk-predfilter, filtr\u00e1ciu Easy Bag\u00ae s kvalitou filtrovania do 25\u03bc, rozvodn\u00fa elektroskrinku s isten\u00edm a automatick\u00fdm riaden\u00edm chodu filtr\u00e1cie.<\/p>\n<p>&nbsp;<\/p>\n<p>&nbsp;<\/p>\n","protected":false},"excerpt":{"rendered":"<p>Kompletn\u00e1 filtra\u010dn\u00e1 jednotka dod\u00e1van\u00e1 k baz\u00e9nom Waterair\u00ae<br \/>\nPre viacej inform\u00e1ci\u00ed n\u00e1s kontaktujte<\/p>\n","protected":false},"featured_media":1084,"template":"","meta":[],"product_cat":[52,39],"product_tag":[],"class_list":{"0":"post-1081","1":"product","2":"type-product","3":"status-publish","4":"has-post-thumbnail","6":"product_cat-filtracne-jednotky-1","7":"product_cat-filwat-compact-system","8":"product_shipping_class-waterair-bazeny-rodinne-cerpadla-kartus-vlozka-filter-filtracia-filtracny-system","10":"first","11":"onbackorder","12":"taxable","13":"shipping-taxable","14":"product-type-simple"},"jetpack_sharing_enabled":true,"_links":{"self":[{"href":"https:\/\/mountfire.sk\/index.php\/wp-json\/wp\/v2\/product\/1081","targetHints":{"allow":["GET"]}}],"collection":[{"href":"https:\/\/mountfire.sk\/index.php\/wp-json\/wp\/v2\/product"}],"about":[{"href":"https:\/\/mountfire.sk\/index.php\/wp-json\/wp\/v2\/types\/product"}],"wp:featuredmedia":[{"embeddable":true,"href":"https:\/\/mountfire.sk\/index.php\/wp-json\/wp\/v2\/media\/1084"}],"wp:attachment":[{"href":"https:\/\/mountfire.sk\/index.php\/wp-json\/wp\/v2\/media?parent=1081"}],"wp:term":[{"taxonomy":"product_cat","embeddable":true,"href":"https:\/\/mountfire.sk\/index.php\/wp-json\/wp\/v2\/product_cat?post=1081"},{"taxonomy":"product_tag","embeddable":true,"href":"https:\/\/mountfire.sk\/index.php\/wp-json\/wp\/v2\/product_tag?post=1081"}],"curies":[{"name":"wp","href":"https:\/\/api.w.org\/{rel}","templated":true}]}}