{"id":1125,"date":"2025-01-14T13:30:27","date_gmt":"2025-01-14T12:30:27","guid":{"rendered":"https:\/\/mountfire.sk\/?post_type=product&#038;p=1125"},"modified":"2026-02-12T13:17:42","modified_gmt":"2026-02-12T12:17:42","slug":"indikator-znecisteneho-filtra","status":"publish","type":"product","link":"https:\/\/mountfire.sk\/index.php\/produkt\/indikator-znecisteneho-filtra\/","title":{"rendered":"Indik\u00e1tor zne\u010disten\u00e9ho filtra"},"content":{"rendered":"","protected":false},"excerpt":{"rendered":"","protected":false},"featured_media":1088,"template":"","meta":[],"product_cat":[39],"product_tag":[],"class_list":{"0":"post-1125","1":"product","2":"type-product","3":"status-publish","4":"has-post-thumbnail","6":"product_cat-filwat-compact-system","8":"first","9":"instock","10":"taxable","11":"shipping-taxable","12":"purchasable","13":"product-type-simple"},"jetpack_sharing_enabled":true,"_links":{"self":[{"href":"https:\/\/mountfire.sk\/index.php\/wp-json\/wp\/v2\/product\/1125","targetHints":{"allow":["GET"]}}],"collection":[{"href":"https:\/\/mountfire.sk\/index.php\/wp-json\/wp\/v2\/product"}],"about":[{"href":"https:\/\/mountfire.sk\/index.php\/wp-json\/wp\/v2\/types\/product"}],"wp:featuredmedia":[{"embeddable":true,"href":"https:\/\/mountfire.sk\/index.php\/wp-json\/wp\/v2\/media\/1088"}],"wp:attachment":[{"href":"https:\/\/mountfire.sk\/index.php\/wp-json\/wp\/v2\/media?parent=1125"}],"wp:term":[{"taxonomy":"product_cat","embeddable":true,"href":"https:\/\/mountfire.sk\/index.php\/wp-json\/wp\/v2\/product_cat?post=1125"},{"taxonomy":"product_tag","embeddable":true,"href":"https:\/\/mountfire.sk\/index.php\/wp-json\/wp\/v2\/product_tag?post=1125"}],"curies":[{"name":"wp","href":"https:\/\/api.w.org\/{rel}","templated":true}]}}