{"id":1235,"date":"2025-01-18T14:58:32","date_gmt":"2025-01-18T13:58:32","guid":{"rendered":"https:\/\/mountfire.sk\/?post_type=product&#038;p=1235"},"modified":"2025-01-22T23:23:09","modified_gmt":"2025-01-22T22:23:09","slug":"veko-filtracie-fcw100","status":"publish","type":"product","link":"https:\/\/mountfire.sk\/index.php\/produkt\/veko-filtracie-fcw100\/","title":{"rendered":"Kryt filtr\u00e1cie FCW100"},"content":{"rendered":"<p><span style=\"color: #808080;\">Kryt filtra\u010dnej n\u00e1doby filtr\u00e1cie FCW 100.<\/span><br \/>\n<span style=\"color: #808080;\"> <strong>V cene je obsiahnut\u00fd len samotn\u00fd kryt &#8211;<\/strong> \u010d\u00edslo 4 na prilo\u017eenom obr\u00e1zku!<\/span><br \/>\n<span style=\"color: #ff0000;\"><span style=\"color: #808080;\"> ( Tlakomer, Odvzdu\u0161\u0148ovacia skrutka, Up\u00ednacia obru\u010d a Tesnenie pod kryt nie s\u00fa s\u00fa\u010das\u0165ou dod\u00e1vky )<\/span><br \/>\n<\/span>V pr\u00edpade potreby je nutn\u00e9 ich doobjedna\u0165 zvl\u00e1\u0161\u0165<\/p>\n","protected":false},"excerpt":{"rendered":"<p>Kryt filtra\u010dnej n\u00e1doby filtr\u00e1cie FCW 100. V cene je obsiahnut\u00fd len samotn\u00fd kryt &#8211; \u010d\u00edslo 4 na prilo\u017eenom obr\u00e1zku! ( Tlakomer, Odvzdu\u0161\u0148ovacia skrutka, Up\u00ednacia obru\u010d a Tesnenie pod kryt nie s\u00fa s\u00fa\u010das\u0165ou dod\u00e1vky ) V pr\u00edpade potreby je nutn\u00e9 ich doobjedna\u0165 zvl\u00e1\u0161\u0165<\/p>\n","protected":false},"featured_media":1236,"template":"","meta":[],"product_cat":[42],"product_tag":[],"class_list":{"0":"post-1235","1":"product","2":"type-product","3":"status-publish","4":"has-post-thumbnail","6":"product_cat-kartus-vlozka-filter-filtracia-waterair-filtracny-system","7":"product_shipping_class-drobnosti-balikove-do-1kg","9":"first","10":"instock","11":"taxable","12":"shipping-taxable","13":"purchasable","14":"product-type-simple"},"jetpack_sharing_enabled":true,"_links":{"self":[{"href":"https:\/\/mountfire.sk\/index.php\/wp-json\/wp\/v2\/product\/1235","targetHints":{"allow":["GET"]}}],"collection":[{"href":"https:\/\/mountfire.sk\/index.php\/wp-json\/wp\/v2\/product"}],"about":[{"href":"https:\/\/mountfire.sk\/index.php\/wp-json\/wp\/v2\/types\/product"}],"wp:featuredmedia":[{"embeddable":true,"href":"https:\/\/mountfire.sk\/index.php\/wp-json\/wp\/v2\/media\/1236"}],"wp:attachment":[{"href":"https:\/\/mountfire.sk\/index.php\/wp-json\/wp\/v2\/media?parent=1235"}],"wp:term":[{"taxonomy":"product_cat","embeddable":true,"href":"https:\/\/mountfire.sk\/index.php\/wp-json\/wp\/v2\/product_cat?post=1235"},{"taxonomy":"product_tag","embeddable":true,"href":"https:\/\/mountfire.sk\/index.php\/wp-json\/wp\/v2\/product_tag?post=1235"}],"curies":[{"name":"wp","href":"https:\/\/api.w.org\/{rel}","templated":true}]}}