{"id":1317,"date":"2025-01-22T20:15:29","date_gmt":"2025-01-22T19:15:29","guid":{"rendered":"https:\/\/mountfire.sk\/?post_type=product&#038;p=1317"},"modified":"2026-04-10T15:39:22","modified_gmt":"2026-04-10T13:39:22","slug":"tesnenie-pod-kryt-fcw100","status":"publish","type":"product","link":"https:\/\/mountfire.sk\/index.php\/produkt\/tesnenie-pod-kryt-fcw100\/","title":{"rendered":"Tesnenie pod kryt FCW100"},"content":{"rendered":"<p><span style=\"color: #808080;\">Tesnenie pod kryt filtra\u010dnej n\u00e1doby filtr\u00e1cie FCW 100.<\/span><\/p>\n","protected":false},"excerpt":{"rendered":"<p>Tesnenie pod kryt filtra\u010dnej n\u00e1doby filtr\u00e1cie FCW 100.<\/p>\n","protected":false},"featured_media":1319,"template":"","meta":[],"product_cat":[42],"product_tag":[],"class_list":{"0":"post-1317","1":"product","2":"type-product","3":"status-publish","4":"has-post-thumbnail","6":"product_cat-kartus-vlozka-filter-filtracia-waterair-filtracny-system","7":"product_shipping_class-drobnosti-do-1kg","9":"first","10":"instock","11":"sale","12":"taxable","13":"shipping-taxable","14":"purchasable","15":"product-type-simple"},"jetpack_sharing_enabled":true,"_links":{"self":[{"href":"https:\/\/mountfire.sk\/index.php\/wp-json\/wp\/v2\/product\/1317","targetHints":{"allow":["GET"]}}],"collection":[{"href":"https:\/\/mountfire.sk\/index.php\/wp-json\/wp\/v2\/product"}],"about":[{"href":"https:\/\/mountfire.sk\/index.php\/wp-json\/wp\/v2\/types\/product"}],"wp:featuredmedia":[{"embeddable":true,"href":"https:\/\/mountfire.sk\/index.php\/wp-json\/wp\/v2\/media\/1319"}],"wp:attachment":[{"href":"https:\/\/mountfire.sk\/index.php\/wp-json\/wp\/v2\/media?parent=1317"}],"wp:term":[{"taxonomy":"product_cat","embeddable":true,"href":"https:\/\/mountfire.sk\/index.php\/wp-json\/wp\/v2\/product_cat?post=1317"},{"taxonomy":"product_tag","embeddable":true,"href":"https:\/\/mountfire.sk\/index.php\/wp-json\/wp\/v2\/product_tag?post=1317"}],"curies":[{"name":"wp","href":"https:\/\/api.w.org\/{rel}","templated":true}]}}