{"id":1322,"date":"2025-01-22T20:34:13","date_gmt":"2025-01-22T19:34:13","guid":{"rendered":"https:\/\/mountfire.sk\/?post_type=product&#038;p=1322"},"modified":"2025-01-22T22:42:48","modified_gmt":"2025-01-22T21:42:48","slug":"odvzdusnovacia-zatka","status":"publish","type":"product","link":"https:\/\/mountfire.sk\/index.php\/produkt\/odvzdusnovacia-zatka\/","title":{"rendered":"Odvzdu\u0161\u0148ovacia skrutka"},"content":{"rendered":"<p>Odvzdu\u0161\u0148ovacia skrutka s tesnen\u00edm pre kryt filtr\u00e1cie FCW100<\/p>\n","protected":false},"excerpt":{"rendered":"<p>Odvzdu\u0161\u0148ovacia skrutka s tesnen\u00edm pre kryt filtr\u00e1cie FCW100<\/p>\n","protected":false},"featured_media":1323,"template":"","meta":[],"product_cat":[42],"product_tag":[],"class_list":{"0":"post-1322","1":"product","2":"type-product","3":"status-publish","4":"has-post-thumbnail","6":"product_cat-kartus-vlozka-filter-filtracia-waterair-filtracny-system","7":"product_shipping_class-drobnosti-do-1kg","9":"first","10":"instock","11":"taxable","12":"shipping-taxable","13":"purchasable","14":"product-type-simple"},"jetpack_sharing_enabled":true,"_links":{"self":[{"href":"https:\/\/mountfire.sk\/index.php\/wp-json\/wp\/v2\/product\/1322","targetHints":{"allow":["GET"]}}],"collection":[{"href":"https:\/\/mountfire.sk\/index.php\/wp-json\/wp\/v2\/product"}],"about":[{"href":"https:\/\/mountfire.sk\/index.php\/wp-json\/wp\/v2\/types\/product"}],"wp:featuredmedia":[{"embeddable":true,"href":"https:\/\/mountfire.sk\/index.php\/wp-json\/wp\/v2\/media\/1323"}],"wp:attachment":[{"href":"https:\/\/mountfire.sk\/index.php\/wp-json\/wp\/v2\/media?parent=1322"}],"wp:term":[{"taxonomy":"product_cat","embeddable":true,"href":"https:\/\/mountfire.sk\/index.php\/wp-json\/wp\/v2\/product_cat?post=1322"},{"taxonomy":"product_tag","embeddable":true,"href":"https:\/\/mountfire.sk\/index.php\/wp-json\/wp\/v2\/product_tag?post=1322"}],"curies":[{"name":"wp","href":"https:\/\/api.w.org\/{rel}","templated":true}]}}