{"id":1413,"date":"2025-01-27T15:35:35","date_gmt":"2025-01-27T14:35:35","guid":{"rendered":"https:\/\/mountfire.sk\/?post_type=product&#038;p=1413"},"modified":"2026-04-10T15:38:04","modified_gmt":"2026-04-10T13:38:04","slug":"odvzdusnovacia-skrutka-sherlock-a-cfr","status":"publish","type":"product","link":"https:\/\/mountfire.sk\/index.php\/produkt\/odvzdusnovacia-skrutka-sherlock-a-cfr\/","title":{"rendered":"Odvzdu\u0161\u0148ovacia skrutka Sherlock a CFR"},"content":{"rendered":"<p>Odvzdu\u0161\u0148ovacia skrutka s tesnen\u00edm pre kryt filtr\u00e1cie Sherlock 100 a CFR 100<\/p>\n","protected":false},"excerpt":{"rendered":"<p>Odvzdu\u0161\u0148ovacia skrutka s tesnen\u00edm pre kryt filtr\u00e1cie Sherlock 100 a CFR 100<\/p>\n","protected":false},"featured_media":1403,"template":"","meta":[],"product_cat":[41,40],"product_tag":[],"class_list":{"0":"post-1413","1":"product","2":"type-product","3":"status-publish","4":"has-post-thumbnail","6":"product_cat-filtracia-cfr-100","7":"product_cat-filtracia-sherlock-100","8":"product_shipping_class-drobnosti-do-1kg","10":"first","11":"instock","12":"taxable","13":"shipping-taxable","14":"purchasable","15":"product-type-simple"},"jetpack_sharing_enabled":true,"_links":{"self":[{"href":"https:\/\/mountfire.sk\/index.php\/wp-json\/wp\/v2\/product\/1413","targetHints":{"allow":["GET"]}}],"collection":[{"href":"https:\/\/mountfire.sk\/index.php\/wp-json\/wp\/v2\/product"}],"about":[{"href":"https:\/\/mountfire.sk\/index.php\/wp-json\/wp\/v2\/types\/product"}],"wp:featuredmedia":[{"embeddable":true,"href":"https:\/\/mountfire.sk\/index.php\/wp-json\/wp\/v2\/media\/1403"}],"wp:attachment":[{"href":"https:\/\/mountfire.sk\/index.php\/wp-json\/wp\/v2\/media?parent=1413"}],"wp:term":[{"taxonomy":"product_cat","embeddable":true,"href":"https:\/\/mountfire.sk\/index.php\/wp-json\/wp\/v2\/product_cat?post=1413"},{"taxonomy":"product_tag","embeddable":true,"href":"https:\/\/mountfire.sk\/index.php\/wp-json\/wp\/v2\/product_tag?post=1413"}],"curies":[{"name":"wp","href":"https:\/\/api.w.org\/{rel}","templated":true}]}}