{"id":1859,"date":"2025-05-19T21:51:43","date_gmt":"2025-05-19T19:51:43","guid":{"rendered":"https:\/\/mountfire.sk\/?post_type=product&#038;p=1859"},"modified":"2025-05-20T23:47:36","modified_gmt":"2025-05-20T21:47:36","slug":"poolgom-easy-vymenna-hubkou","status":"publish","type":"product","link":"https:\/\/mountfire.sk\/index.php\/produkt\/poolgom-easy-vymenna-hubkou\/","title":{"rendered":"POOL\u2019GOM EASY\u00ae  v\u00fdmenn\u00e1 hubka"},"content":{"rendered":"<p><strong>Budete prekvapen\u00fd, ako efekt\u00edvna je t\u00e1to pom\u00f4cka! <\/strong><br \/>\nPool&#8217;Gom Easy\u00ae v\u00fdmenn\u00e1 hubka , sl\u00fa\u017ei ako n\u00e1hrada na ergonomicky navrhnut\u00fd dr\u017eiak Pool&#8217;Gom Easy\u00ae s v\u00fdmennou hubkou. Tvar hubky umo\u017e\u0148uje optim\u00e1lne \u010distenie aj t\u00fdch najmenej dostupn\u00fdch \u010dast\u00ed f\u00f3lie alebo schodiska vo vn\u00fatri baz\u00e9na. Pom\u00f4cka je ur\u010den\u00e1 na odstr\u00e1nenie &#8211;\u00a0 zotieranie ne\u010dist\u00f4t (<strong>bez pou\u017eitia ch\u00e9mie<\/strong>), ktor\u00e9 sa tvoria na \u00farovni hladiny vody ako aj na sten\u00e1ch alebo na schodisku baz\u00e9na. Hubku sta\u010d\u00ed namo\u010di\u0165 do vody a n\u00e1sledne jemn\u00fdm tren\u00edm kr\u00e1sne zotrie ne\u010distoty z va\u0161ej baz\u00e9novej f\u00f3lie alebo schodiska. Takto dok\u00e1\u017eete odstr\u00e1ni\u0165 mastnotu a ne\u010distoty <strong>bez pou\u017eitia chemick\u00fdch pr\u00edpravkov<\/strong>. Je \u00fa\u010dinn\u00e1 okrem f\u00f3lie aj pri \u010disten\u00ed plastov\u00fdch \u010dast\u00ed . Vyroben\u00e1 je z \u00a0patentovanej peny, Pool\u2019Gom<sup>\u00ae<\/sup> a je jednoduch\u00e1 na pou\u017e\u00edvanie:<br \/>\nide o spotrebn\u00fd materi\u00e1l<\/p>\n","protected":false},"excerpt":{"rendered":"<p>Pool&#8217;Gom Easy\u00ae &#8211; v\u00fdmenn\u00e1 hubka,\u00a0 je ur\u010den\u00e1 na \u010distenie baz\u00e9novej f\u00f3lie a plastov\u00fdch povrchov.<\/p>\n<p>Je ur\u010den\u00e1 ako n\u00e1hrada na dr\u017eiak Pool&#8217;Gom Easy\u00ae<\/p>\n","protected":false},"featured_media":1856,"template":"","meta":[],"product_cat":[27],"product_tag":[],"class_list":{"0":"post-1859","1":"product","2":"type-product","3":"status-publish","4":"has-post-thumbnail","6":"product_cat-starostlivost-o-bazen","7":"product_shipping_class-kartus-vlozka-filter-filtracia-waterair-filtracny-system-bazeny-rodinne-cerpadla-filter-filtracia-rodinny","9":"first","10":"instock","11":"taxable","12":"shipping-taxable","13":"purchasable","14":"product-type-simple"},"jetpack_sharing_enabled":true,"_links":{"self":[{"href":"https:\/\/mountfire.sk\/index.php\/wp-json\/wp\/v2\/product\/1859","targetHints":{"allow":["GET"]}}],"collection":[{"href":"https:\/\/mountfire.sk\/index.php\/wp-json\/wp\/v2\/product"}],"about":[{"href":"https:\/\/mountfire.sk\/index.php\/wp-json\/wp\/v2\/types\/product"}],"wp:featuredmedia":[{"embeddable":true,"href":"https:\/\/mountfire.sk\/index.php\/wp-json\/wp\/v2\/media\/1856"}],"wp:attachment":[{"href":"https:\/\/mountfire.sk\/index.php\/wp-json\/wp\/v2\/media?parent=1859"}],"wp:term":[{"taxonomy":"product_cat","embeddable":true,"href":"https:\/\/mountfire.sk\/index.php\/wp-json\/wp\/v2\/product_cat?post=1859"},{"taxonomy":"product_tag","embeddable":true,"href":"https:\/\/mountfire.sk\/index.php\/wp-json\/wp\/v2\/product_tag?post=1859"}],"curies":[{"name":"wp","href":"https:\/\/api.w.org\/{rel}","templated":true}]}}